{"id":2412,"date":"2023-10-10T15:57:05","date_gmt":"2023-10-10T18:57:05","guid":{"rendered":"https:\/\/pietrellifruit.com\/?page_id=2412"},"modified":"2024-01-05T15:59:01","modified_gmt":"2024-01-05T18:59:01","slug":"planta-rengo","status":"publish","type":"page","link":"https:\/\/pietrellifruit.com\/zh\/planta-rengo\/","title":{"rendered":"\u667a\u5229\u4f26\u6208\u5382"},"content":{"rendered":"\t\t<div data-elementor-type=\"wp-page\" data-elementor-id=\"2412\" class=\"elementor elementor-2412\" data-elementor-settings=\"{&quot;ha_cmc_init_switcher&quot;:&quot;no&quot;}\" data-elementor-post-type=\"page\">\n\t\t\t\t\t\t<section class=\"elementor-section elementor-top-section elementor-element elementor-element-f5c96dc elementor-section-boxed elementor-section-height-default elementor-section-height-default\" data-id=\"f5c96dc\" data-element_type=\"section\" data-settings=\"{&quot;background_background&quot;:&quot;slideshow&quot;,&quot;background_slideshow_gallery&quot;:[{&quot;id&quot;:3070,&quot;url&quot;:&quot;https:\\\/\\\/pietrellifruit.com\\\/wp-content\\\/uploads\\\/2023\\\/12\\\/julie-modeste-U2zvucji2p0-unsplash-scaled.jpg&quot;},{&quot;id&quot;:1820,&quot;url&quot;:&quot;https:\\\/\\\/pietrellifruit.com\\\/wp-content\\\/uploads\\\/2023\\\/09\\\/italian-prune-plum-blue-indigo-fruits-6fpevr4yf2wqw04x.jpg&quot;},{&quot;id&quot;:2402,&quot;url&quot;:&quot;https:\\\/\\\/pietrellifruit.com\\\/wp-content\\\/uploads\\\/2023\\\/10\\\/SKY_1016-1.jpg&quot;}],&quot;background_slideshow_ken_burns&quot;:&quot;yes&quot;,&quot;background_slideshow_loop&quot;:&quot;yes&quot;,&quot;background_slideshow_slide_duration&quot;:5000,&quot;background_slideshow_slide_transition&quot;:&quot;fade&quot;,&quot;background_slideshow_transition_duration&quot;:500,&quot;background_slideshow_ken_burns_zoom_direction&quot;:&quot;in&quot;,&quot;_ha_eqh_enable&quot;:false}\">\n\t\t\t\t\t\t\t<div class=\"elementor-background-overlay\"><\/div>\n\t\t\t\t\t\t\t<div class=\"elementor-container elementor-column-gap-default\">\n\t\t\t\t\t<div class=\"elementor-column elementor-col-100 elementor-top-column elementor-element elementor-element-cd67e5f\" data-id=\"cd67e5f\" data-element_type=\"column\">\n\t\t\t<div class=\"elementor-widget-wrap elementor-element-populated\">\n\t\t\t\t<div class=\"elementor-element elementor-element-1eae6dc e-flex e-con-boxed e-con e-parent\" data-id=\"1eae6dc\" data-element_type=\"container\" data-settings=\"{&quot;_ha_eqh_enable&quot;:false}\">\n\t\t\t\t\t<div class=\"e-con-inner\">\n\t\t\t\t<div class=\"elementor-element elementor-element-079a16e elementor-widget elementor-widget-image\" data-id=\"079a16e\" data-element_type=\"widget\" data-widget_type=\"image.default\">\n\t\t\t\t<div class=\"elementor-widget-container\">\n\t\t\t\t\t\t\t\t\t\t\t\t\t\t\t<img fetchpriority=\"high\" decoding=\"async\" width=\"900\" height=\"541\" src=\"https:\/\/pietrellifruit.com\/wp-content\/uploads\/2023\/10\/illustration-of-the-chile-flag-free-vector-1024x615.jpg\" class=\"attachment-large size-large wp-image-2237\" alt=\"\" srcset=\"https:\/\/pietrellifruit.com\/wp-content\/uploads\/2023\/10\/illustration-of-the-chile-flag-free-vector-1024x615.jpg 1024w, https:\/\/pietrellifruit.com\/wp-content\/uploads\/2023\/10\/illustration-of-the-chile-flag-free-vector-768x461.jpg 768w, https:\/\/pietrellifruit.com\/wp-content\/uploads\/2023\/10\/illustration-of-the-chile-flag-free-vector.jpg 1633w\" sizes=\"(max-width: 900px) 100vw, 900px\" \/>\t\t\t\t\t\t\t\t\t\t\t\t\t\t\t<\/div>\n\t\t\t\t<\/div>\n\t\t\t\t\t<\/div>\n\t\t\t\t<\/div>\n\t\t\t\t<div class=\"elementor-element elementor-element-e2da67b elementor-widget elementor-widget-gva-heading-block\" data-id=\"e2da67b\" data-element_type=\"widget\" data-widget_type=\"gva-heading-block.default\">\n\t\t\t\t<div class=\"elementor-widget-container\">\n\t\t\t\t\t<div class=\"gva-element-gva-heading-block gva-element\">   <div class=\"align-left style-1 widget gsc-heading box-align-left auto-responsive\">\r\n      <div class=\"content-inner\">\r\n         \r\n                  \r\n           \r\n         \r\n                     <h2 class=\"title\">\r\n               <span>Planta Rengo\n<\/span>\r\n            <\/h2>\r\n                  \r\n         \r\n      <\/div>\r\n   <\/div>\r\n<\/div>\t\t\t\t<\/div>\n\t\t\t\t<\/div>\n\t\t\t\t\t<\/div>\n\t\t<\/div>\n\t\t\t\t\t<\/div>\n\t\t<\/section>\n\t\t<div class=\"elementor-element elementor-element-0a74fc7 e-flex e-con-boxed e-con e-parent\" data-id=\"0a74fc7\" data-element_type=\"container\" data-settings=\"{&quot;_ha_eqh_enable&quot;:false}\">\n\t\t\t\t\t<div class=\"e-con-inner\">\n\t\t<div class=\"elementor-element elementor-element-5302b4a e-con-full e-flex e-con e-child\" data-id=\"5302b4a\" data-element_type=\"container\" data-settings=\"{&quot;_ha_eqh_enable&quot;:false}\">\n\t\t\t\t<div class=\"elementor-element elementor-element-79f62da elementor-widget__width-auto elementor-invisible elementor-widget elementor-widget-image\" data-id=\"79f62da\" data-element_type=\"widget\" data-settings=\"{&quot;_animation&quot;:&quot;zoomIn&quot;,&quot;_animation_delay&quot;:200}\" data-widget_type=\"image.default\">\n\t\t\t\t<div class=\"elementor-widget-container\">\n\t\t\t\t\t\t\t\t\t\t\t\t\t\t\t<img decoding=\"async\" width=\"1312\" height=\"605\" src=\"https:\/\/pietrellifruit.com\/wp-content\/uploads\/2023\/12\/foto-planta-Chile-e1702401653782.jpeg\" class=\"attachment-full size-full wp-image-2921\" alt=\"\" srcset=\"https:\/\/pietrellifruit.com\/wp-content\/uploads\/2023\/12\/foto-planta-Chile-e1702401653782.jpeg 1312w, https:\/\/pietrellifruit.com\/wp-content\/uploads\/2023\/12\/foto-planta-Chile-e1702401653782-1024x472.jpeg 1024w, https:\/\/pietrellifruit.com\/wp-content\/uploads\/2023\/12\/foto-planta-Chile-e1702401653782-768x354.jpeg 768w\" sizes=\"(max-width: 1312px) 100vw, 1312px\" \/>\t\t\t\t\t\t\t\t\t\t\t\t\t\t\t<\/div>\n\t\t\t\t<\/div>\n\t\t\t\t<div class=\"elementor-element elementor-element-fc7abd4 elementor-invisible elementor-widget elementor-widget-image\" data-id=\"fc7abd4\" data-element_type=\"widget\" data-settings=\"{&quot;_animation&quot;:&quot;fadeInLeft&quot;}\" data-widget_type=\"image.default\">\n\t\t\t\t<div class=\"elementor-widget-container\">\n\t\t\t\t\t\t\t\t\t\t\t\t\t\t\t<img decoding=\"async\" width=\"2000\" height=\"1333\" src=\"https:\/\/pietrellifruit.com\/wp-content\/uploads\/2023\/10\/SKY_1016-1.jpg\" class=\"attachment-full size-full wp-image-2402\" alt=\"\" srcset=\"https:\/\/pietrellifruit.com\/wp-content\/uploads\/2023\/10\/SKY_1016-1.jpg 2000w, https:\/\/pietrellifruit.com\/wp-content\/uploads\/2023\/10\/SKY_1016-1-1024x682.jpg 1024w, https:\/\/pietrellifruit.com\/wp-content\/uploads\/2023\/10\/SKY_1016-1-768x512.jpg 768w\" sizes=\"(max-width: 2000px) 100vw, 2000px\" \/>\t\t\t\t\t\t\t\t\t\t\t\t\t\t\t<\/div>\n\t\t\t\t<\/div>\n\t\t\t\t<\/div>\n\t\t<div class=\"elementor-element elementor-element-da8a32b e-con-full e-flex e-con e-child\" data-id=\"da8a32b\" data-element_type=\"container\" data-settings=\"{&quot;_ha_eqh_enable&quot;:false}\">\n\t\t\t\t<div class=\"elementor-element elementor-element-15d2fd6 elementor-widget elementor-widget-gva-heading-block\" data-id=\"15d2fd6\" data-element_type=\"widget\" data-widget_type=\"gva-heading-block.default\">\n\t\t\t\t<div class=\"elementor-widget-container\">\n\t\t\t\t\t<div class=\"gva-element-gva-heading-block gva-element\">   <div class=\"align-left style-1 widget gsc-heading box-align-left auto-responsive\">\r\n      <div class=\"content-inner\">\r\n         \r\n                  \r\n         <div class=\"sub-title\"><span class=\"tagline\">CHILE<\/span><\/div>  \r\n         \r\n                     <h2 class=\"title\">\r\n               <span>Planta de Proceso de Ciruelas en Rengo<\/span>\r\n            <\/h2>\r\n                              <div class=\"title-desc\">Nuestras instalaciones de vanguardia est\u00e1n dedicadas a la recepci\u00f3n, almacenamiento, procesamiento y env\u00edo de ciruelas deshidratadas, con y sin carozo. Recientemente, hemos incorporado una l\u00ednea de producci\u00f3n para elaborar pur\u00e9 de ciruela. Contamos con un equipo de profesionales altamente experimentados en el procesamiento y la exportaci\u00f3n de ciruelas deshidratadas, lo que nos permite ofrecer productos seguros y de alta calidad que cumplen con los rigurosos est\u00e1ndares de nuestros clientes en todo el mundo.<\/div>\r\n         \r\n         \r\n      <\/div>\r\n   <\/div>\r\n<\/div>\t\t\t\t<\/div>\n\t\t\t\t<\/div>\n\t\t\t\t<div class=\"elementor-element elementor-element-272da46 elementor-widget elementor-widget-google_maps\" data-id=\"272da46\" data-element_type=\"widget\" data-widget_type=\"google_maps.default\">\n\t\t\t\t<div class=\"elementor-widget-container\">\n\t\t\t\t\t\t\t<div class=\"elementor-custom-embed\">\n\t\t\t<iframe loading=\"lazy\"\n\t\t\t\t\tsrc=\"https:\/\/maps.google.com\/maps?q=Pietrelli%20rengo&#038;t=m&#038;z=13&#038;output=embed&#038;iwloc=near\"\n\t\t\t\t\ttitle=\"Pietrelli rengo\"\n\t\t\t\t\taria-label=\"Pietrelli rengo\"\n\t\t\t><\/iframe>\n\t\t<\/div>\n\t\t\t\t\t\t<\/div>\n\t\t\t\t<\/div>\n\t\t\t\t<\/div>\n\t\t\t\t\t<\/div>\n\t\t\t\t<\/div>\n\t\t<div class=\"elementor-element elementor-element-a4638ed e-flex e-con-boxed e-con e-parent\" data-id=\"a4638ed\" data-element_type=\"container\" data-settings=\"{&quot;_ha_eqh_enable&quot;:false}\">\n\t\t\t\t\t<div class=\"e-con-inner\">\n\t\t<div class=\"elementor-element elementor-element-fe5d044 e-con-full e-flex e-con e-child\" data-id=\"fe5d044\" data-element_type=\"container\" data-settings=\"{&quot;_ha_eqh_enable&quot;:false}\">\n\t\t\t\t<div class=\"elementor-element elementor-element-d15b3a3 elementor-view-stacked icon-box-left elementor-shape-circle elementor-position-top elementor-mobile-position-top elementor-widget elementor-widget-icon-box\" data-id=\"d15b3a3\" data-element_type=\"widget\" data-widget_type=\"icon-box.default\">\n\t\t\t\t<div class=\"elementor-widget-container\">\n\t\t\t\t\t\t\t<div class=\"elementor-icon-box-wrapper\">\n\n\t\t\t\t\t\t<div class=\"elementor-icon-box-icon\">\n\t\t\t\t<span  class=\"elementor-icon\">\n\t\t\t\t<i aria-hidden=\"true\" class=\"fas fa-check\"><\/i>\t\t\t\t<\/span>\n\t\t\t<\/div>\n\t\t\t\n\t\t\t\t\t\t<div class=\"elementor-icon-box-content\">\n\n\t\t\t\t\t\t\t\t\t<h3 class=\"elementor-icon-box-title\">\n\t\t\t\t\t\t<span  >\n\t\t\t\t\t\t\tUbicaci\u00f3n Geogr\u00e1fica y Materia Prima\t\t\t\t\t\t<\/span>\n\t\t\t\t\t<\/h3>\n\t\t\t\t\n\t\t\t\t\t\t\t\t\t<p class=\"elementor-icon-box-description\">\n\t\t\t\t\t\tNuestra planta se encuentra estrat\u00e9gicamente ubicada en el centro de la zona productora de ciruelas deshidratadas de Chile, en la Regi\u00f3n de O'Higgins. Estamos a 102 km al sur de la Ciudad de Santiago (Regi\u00f3n Metropolitana), a 113 km del Puerto de San Antonio y a 165 km del Puerto de Valpara\u00edso. En Chile, se cultivan un total de 12.450 hect\u00e1reas de ciruelas, siendo las regiones Metropolitana y de O'Higgins las que concentran el 92% de la superficie de cultivo.\n\t\t\t\t\t<\/p>\n\t\t\t\t\n\t\t\t<\/div>\n\t\t\t\n\t\t<\/div>\n\t\t\t\t\t\t<\/div>\n\t\t\t\t<\/div>\n\t\t\t\t<\/div>\n\t\t<div class=\"elementor-element elementor-element-1ab2191 e-con-full e-flex e-con e-child\" data-id=\"1ab2191\" data-element_type=\"container\" data-settings=\"{&quot;_ha_eqh_enable&quot;:false}\">\n\t\t\t\t<div class=\"elementor-element elementor-element-a708834 elementor-view-stacked icon-box-left elementor-shape-circle elementor-position-top elementor-mobile-position-top elementor-widget elementor-widget-icon-box\" data-id=\"a708834\" data-element_type=\"widget\" data-widget_type=\"icon-box.default\">\n\t\t\t\t<div class=\"elementor-widget-container\">\n\t\t\t\t\t\t\t<div class=\"elementor-icon-box-wrapper\">\n\n\t\t\t\t\t\t<div class=\"elementor-icon-box-icon\">\n\t\t\t\t<span  class=\"elementor-icon\">\n\t\t\t\t<i aria-hidden=\"true\" class=\"fas fa-check\"><\/i>\t\t\t\t<\/span>\n\t\t\t<\/div>\n\t\t\t\n\t\t\t\t\t\t<div class=\"elementor-icon-box-content\">\n\n\t\t\t\t\t\t\t\t\t<h3 class=\"elementor-icon-box-title\">\n\t\t\t\t\t\t<span  >\n\t\t\t\t\t\t\t Equipamiento y Proceso\t\t\t\t\t\t<\/span>\n\t\t\t\t\t<\/h3>\n\t\t\t\t\n\t\t\t\t\t\t\t\t\t<p class=\"elementor-icon-box-description\">\n\t\t\t\t\t\tNuestra l\u00ednea de procesamiento tiene una capacidad instalada para procesar 3.500 toneladas al a\u00f1o y est\u00e1 equipada con despepitadoras y detectores de metales de \u00faltima generaci\u00f3n, lo que nos permite obtener productos de la m\u00e1s alta calidad. La incorporaci\u00f3n de una l\u00ednea para la elaboraci\u00f3n de pur\u00e9 de ciruela no solo mejora la eficiencia del proceso, sino que tambi\u00e9n ampl\u00eda nuestra oferta de productos para satisfacer las necesidades de una amplia gama de clientes. \n<br><b>Estamos certificados con BRC y  Kosher.\t\t\t\t\t<\/p>\n\t\t\t\t\n\t\t\t<\/div>\n\t\t\t\n\t\t<\/div>\n\t\t\t\t\t\t<\/div>\n\t\t\t\t<\/div>\n\t\t\t\t<\/div>\n\t\t\t\t\t<\/div>\n\t\t\t\t<\/div>\n\t\t\t\t<\/div>\n\t\t","protected":false},"excerpt":{"rendered":"<p>Planta Rengo CHILE Planta de Proceso de Ciruelas en Rengo Nuestras instalaciones de vanguardia est\u00e1n dedicadas a la recepci\u00f3n, almacenamiento, procesamiento y env\u00edo de ciruelas deshidratadas, con y sin carozo. Recientemente, hemos incorporado una l\u00ednea de producci\u00f3n para elaborar pur\u00e9 de ciruela. Contamos con un equipo de profesionales altamente experimentados en el procesamiento y la [&hellip;]<\/p>\n","protected":false},"author":1,"featured_media":0,"parent":0,"menu_order":0,"comment_status":"closed","ping_status":"closed","template":"","meta":{"footnotes":""},"class_list":["post-2412","page","type-page","status-publish","hentry"],"yoast_head":"<!-- This site is optimized with the Yoast SEO Premium plugin v21.5 (Yoast SEO v25.6) - https:\/\/yoast.com\/wordpress\/plugins\/seo\/ -->\n<title>Planta Rengo - Pietrelli<\/title>\n<meta name=\"robots\" content=\"index, follow, max-snippet:-1, max-image-preview:large, max-video-preview:-1\" \/>\n<link rel=\"canonical\" href=\"https:\/\/pietrellifruit.com\/zh\/planta-rengo\/\" \/>\n<meta property=\"og:locale\" content=\"zh_CN\" \/>\n<meta property=\"og:type\" content=\"article\" \/>\n<meta property=\"og:title\" content=\"Planta Rengo\" \/>\n<meta property=\"og:description\" content=\"Planta Rengo CHILE Planta de Proceso de Ciruelas en Rengo Nuestras instalaciones de vanguardia est\u00e1n dedicadas a la recepci\u00f3n, almacenamiento, procesamiento y env\u00edo de ciruelas deshidratadas, con y sin carozo. Recientemente, hemos incorporado una l\u00ednea de producci\u00f3n para elaborar pur\u00e9 de ciruela. Contamos con un equipo de profesionales altamente experimentados en el procesamiento y la [&hellip;]\" \/>\n<meta property=\"og:url\" content=\"https:\/\/pietrellifruit.com\/zh\/planta-rengo\/\" \/>\n<meta property=\"og:site_name\" content=\"Pietrelli\" \/>\n<meta property=\"article:modified_time\" content=\"2024-01-05T18:59:01+00:00\" \/>\n<meta property=\"og:image\" content=\"https:\/\/pietrellifruit.com\/wp-content\/uploads\/2023\/10\/illustration-of-the-chile-flag-free-vector-1024x615.jpg\" \/>\n<meta name=\"twitter:card\" content=\"summary_large_image\" \/>\n<meta name=\"twitter:label1\" content=\"\u9884\u8ba1\u9605\u8bfb\u65f6\u95f4\" \/>\n\t<meta name=\"twitter:data1\" content=\"1 \u5206\" \/>\n<script type=\"application\/ld+json\" class=\"yoast-schema-graph\">{\"@context\":\"https:\/\/schema.org\",\"@graph\":[{\"@type\":\"WebPage\",\"@id\":\"https:\/\/pietrellifruit.com\/planta-rengo\/\",\"url\":\"https:\/\/pietrellifruit.com\/planta-rengo\/\",\"name\":\"Planta Rengo - Pietrelli\",\"isPartOf\":{\"@id\":\"https:\/\/pietrellifruit.com\/#website\"},\"primaryImageOfPage\":{\"@id\":\"https:\/\/pietrellifruit.com\/planta-rengo\/#primaryimage\"},\"image\":{\"@id\":\"https:\/\/pietrellifruit.com\/planta-rengo\/#primaryimage\"},\"thumbnailUrl\":\"https:\/\/pietrellifruit.com\/wp-content\/uploads\/2023\/10\/illustration-of-the-chile-flag-free-vector-1024x615.jpg\",\"datePublished\":\"2023-10-10T18:57:05+00:00\",\"dateModified\":\"2024-01-05T18:59:01+00:00\",\"breadcrumb\":{\"@id\":\"https:\/\/pietrellifruit.com\/planta-rengo\/#breadcrumb\"},\"inLanguage\":\"zh-Hans\",\"potentialAction\":[{\"@type\":\"ReadAction\",\"target\":[\"https:\/\/pietrellifruit.com\/planta-rengo\/\"]}]},{\"@type\":\"ImageObject\",\"inLanguage\":\"zh-Hans\",\"@id\":\"https:\/\/pietrellifruit.com\/planta-rengo\/#primaryimage\",\"url\":\"https:\/\/pietrellifruit.com\/wp-content\/uploads\/2023\/10\/illustration-of-the-chile-flag-free-vector-1024x615.jpg\",\"contentUrl\":\"https:\/\/pietrellifruit.com\/wp-content\/uploads\/2023\/10\/illustration-of-the-chile-flag-free-vector-1024x615.jpg\"},{\"@type\":\"BreadcrumbList\",\"@id\":\"https:\/\/pietrellifruit.com\/planta-rengo\/#breadcrumb\",\"itemListElement\":[{\"@type\":\"ListItem\",\"position\":1,\"name\":\"Home\",\"item\":\"https:\/\/pietrellifruit.com\/\"},{\"@type\":\"ListItem\",\"position\":2,\"name\":\"Planta Rengo\"}]},{\"@type\":\"WebSite\",\"@id\":\"https:\/\/pietrellifruit.com\/#website\",\"url\":\"https:\/\/pietrellifruit.com\/\",\"name\":\"Pietrelli\",\"description\":\"Dried Fruit and Nuts\",\"publisher\":{\"@id\":\"https:\/\/pietrellifruit.com\/#organization\"},\"potentialAction\":[{\"@type\":\"SearchAction\",\"target\":{\"@type\":\"EntryPoint\",\"urlTemplate\":\"https:\/\/pietrellifruit.com\/?s={search_term_string}\"},\"query-input\":{\"@type\":\"PropertyValueSpecification\",\"valueRequired\":true,\"valueName\":\"search_term_string\"}}],\"inLanguage\":\"zh-Hans\"},{\"@type\":\"Organization\",\"@id\":\"https:\/\/pietrellifruit.com\/#organization\",\"name\":\"Pietrellin Fruit\",\"url\":\"https:\/\/pietrellifruit.com\/\",\"logo\":{\"@type\":\"ImageObject\",\"inLanguage\":\"zh-Hans\",\"@id\":\"https:\/\/pietrellifruit.com\/#\/schema\/logo\/image\/\",\"url\":\"https:\/\/pietrellifruit.com\/wp-content\/uploads\/2021\/11\/cropped-Logo_Pietrelli-Fruit-4.png\",\"contentUrl\":\"https:\/\/pietrellifruit.com\/wp-content\/uploads\/2021\/11\/cropped-Logo_Pietrelli-Fruit-4.png\",\"width\":512,\"height\":512,\"caption\":\"Pietrellin Fruit\"},\"image\":{\"@id\":\"https:\/\/pietrellifruit.com\/#\/schema\/logo\/image\/\"},\"sameAs\":[\"https:\/\/www.linkedin.com\/company\/pietrellifruit\"]}]}<\/script>\n<!-- \/ Yoast SEO Premium plugin. -->","yoast_head_json":{"title":"Planta Rengo - Pietrelli","robots":{"index":"index","follow":"follow","max-snippet":"max-snippet:-1","max-image-preview":"max-image-preview:large","max-video-preview":"max-video-preview:-1"},"canonical":"https:\/\/pietrellifruit.com\/zh\/planta-rengo\/","og_locale":"zh_CN","og_type":"article","og_title":"Planta Rengo","og_description":"Planta Rengo CHILE Planta de Proceso de Ciruelas en Rengo Nuestras instalaciones de vanguardia est\u00e1n dedicadas a la recepci\u00f3n, almacenamiento, procesamiento y env\u00edo de ciruelas deshidratadas, con y sin carozo. Recientemente, hemos incorporado una l\u00ednea de producci\u00f3n para elaborar pur\u00e9 de ciruela. Contamos con un equipo de profesionales altamente experimentados en el procesamiento y la [&hellip;]","og_url":"https:\/\/pietrellifruit.com\/zh\/planta-rengo\/","og_site_name":"Pietrelli","article_modified_time":"2024-01-05T18:59:01+00:00","og_image":[{"url":"https:\/\/pietrellifruit.com\/wp-content\/uploads\/2023\/10\/illustration-of-the-chile-flag-free-vector-1024x615.jpg","type":"","width":"","height":""}],"twitter_card":"summary_large_image","twitter_misc":{"\u9884\u8ba1\u9605\u8bfb\u65f6\u95f4":"1 \u5206"},"schema":{"@context":"https:\/\/schema.org","@graph":[{"@type":"WebPage","@id":"https:\/\/pietrellifruit.com\/planta-rengo\/","url":"https:\/\/pietrellifruit.com\/planta-rengo\/","name":"Planta Rengo - Pietrelli","isPartOf":{"@id":"https:\/\/pietrellifruit.com\/#website"},"primaryImageOfPage":{"@id":"https:\/\/pietrellifruit.com\/planta-rengo\/#primaryimage"},"image":{"@id":"https:\/\/pietrellifruit.com\/planta-rengo\/#primaryimage"},"thumbnailUrl":"https:\/\/pietrellifruit.com\/wp-content\/uploads\/2023\/10\/illustration-of-the-chile-flag-free-vector-1024x615.jpg","datePublished":"2023-10-10T18:57:05+00:00","dateModified":"2024-01-05T18:59:01+00:00","breadcrumb":{"@id":"https:\/\/pietrellifruit.com\/planta-rengo\/#breadcrumb"},"inLanguage":"zh-Hans","potentialAction":[{"@type":"ReadAction","target":["https:\/\/pietrellifruit.com\/planta-rengo\/"]}]},{"@type":"ImageObject","inLanguage":"zh-Hans","@id":"https:\/\/pietrellifruit.com\/planta-rengo\/#primaryimage","url":"https:\/\/pietrellifruit.com\/wp-content\/uploads\/2023\/10\/illustration-of-the-chile-flag-free-vector-1024x615.jpg","contentUrl":"https:\/\/pietrellifruit.com\/wp-content\/uploads\/2023\/10\/illustration-of-the-chile-flag-free-vector-1024x615.jpg"},{"@type":"BreadcrumbList","@id":"https:\/\/pietrellifruit.com\/planta-rengo\/#breadcrumb","itemListElement":[{"@type":"ListItem","position":1,"name":"Home","item":"https:\/\/pietrellifruit.com\/"},{"@type":"ListItem","position":2,"name":"Planta Rengo"}]},{"@type":"WebSite","@id":"https:\/\/pietrellifruit.com\/#website","url":"https:\/\/pietrellifruit.com\/","name":"Pietrelli","description":"Dried Fruit and Nuts","publisher":{"@id":"https:\/\/pietrellifruit.com\/#organization"},"potentialAction":[{"@type":"SearchAction","target":{"@type":"EntryPoint","urlTemplate":"https:\/\/pietrellifruit.com\/?s={search_term_string}"},"query-input":{"@type":"PropertyValueSpecification","valueRequired":true,"valueName":"search_term_string"}}],"inLanguage":"zh-Hans"},{"@type":"Organization","@id":"https:\/\/pietrellifruit.com\/#organization","name":"Pietrellin Fruit","url":"https:\/\/pietrellifruit.com\/","logo":{"@type":"ImageObject","inLanguage":"zh-Hans","@id":"https:\/\/pietrellifruit.com\/#\/schema\/logo\/image\/","url":"https:\/\/pietrellifruit.com\/wp-content\/uploads\/2021\/11\/cropped-Logo_Pietrelli-Fruit-4.png","contentUrl":"https:\/\/pietrellifruit.com\/wp-content\/uploads\/2021\/11\/cropped-Logo_Pietrelli-Fruit-4.png","width":512,"height":512,"caption":"Pietrellin Fruit"},"image":{"@id":"https:\/\/pietrellifruit.com\/#\/schema\/logo\/image\/"},"sameAs":["https:\/\/www.linkedin.com\/company\/pietrellifruit"]}]}},"_links":{"self":[{"href":"https:\/\/pietrellifruit.com\/zh\/wp-json\/wp\/v2\/pages\/2412"}],"collection":[{"href":"https:\/\/pietrellifruit.com\/zh\/wp-json\/wp\/v2\/pages"}],"about":[{"href":"https:\/\/pietrellifruit.com\/zh\/wp-json\/wp\/v2\/types\/page"}],"author":[{"embeddable":true,"href":"https:\/\/pietrellifruit.com\/zh\/wp-json\/wp\/v2\/users\/1"}],"replies":[{"embeddable":true,"href":"https:\/\/pietrellifruit.com\/zh\/wp-json\/wp\/v2\/comments?post=2412"}],"version-history":[{"count":55,"href":"https:\/\/pietrellifruit.com\/zh\/wp-json\/wp\/v2\/pages\/2412\/revisions"}],"predecessor-version":[{"id":3739,"href":"https:\/\/pietrellifruit.com\/zh\/wp-json\/wp\/v2\/pages\/2412\/revisions\/3739"}],"wp:attachment":[{"href":"https:\/\/pietrellifruit.com\/zh\/wp-json\/wp\/v2\/media?parent=2412"}],"curies":[{"name":"wp","href":"https:\/\/api.w.org\/{rel}","templated":true}]}}