{"id":2411,"date":"2023-10-10T15:56:48","date_gmt":"2023-10-10T18:56:48","guid":{"rendered":"https:\/\/pietrellifruit.com\/?page_id=2411"},"modified":"2023-12-26T16:35:04","modified_gmt":"2023-12-26T19:35:04","slug":"planta-san-juan","status":"publish","type":"page","link":"https:\/\/pietrellifruit.com\/en\/planta-san-juan\/","title":{"rendered":"San Juan Plant"},"content":{"rendered":"\t\t<div data-elementor-type=\"wp-page\" data-elementor-id=\"2411\" class=\"elementor elementor-2411\" data-elementor-settings=\"{&quot;ha_cmc_init_switcher&quot;:&quot;no&quot;}\" data-elementor-post-type=\"page\">\n\t\t\t\t\t\t<section class=\"elementor-section elementor-top-section elementor-element elementor-element-f5c96dc elementor-section-boxed elementor-section-height-default elementor-section-height-default\" data-id=\"f5c96dc\" data-element_type=\"section\" data-settings=\"{&quot;background_background&quot;:&quot;slideshow&quot;,&quot;background_slideshow_gallery&quot;:[{&quot;id&quot;:3070,&quot;url&quot;:&quot;https:\\\/\\\/pietrellifruit.com\\\/wp-content\\\/uploads\\\/2023\\\/12\\\/julie-modeste-U2zvucji2p0-unsplash-scaled.jpg&quot;},{&quot;id&quot;:1820,&quot;url&quot;:&quot;https:\\\/\\\/pietrellifruit.com\\\/wp-content\\\/uploads\\\/2023\\\/09\\\/italian-prune-plum-blue-indigo-fruits-6fpevr4yf2wqw04x.jpg&quot;},{&quot;id&quot;:2402,&quot;url&quot;:&quot;https:\\\/\\\/pietrellifruit.com\\\/wp-content\\\/uploads\\\/2023\\\/10\\\/SKY_1016-1.jpg&quot;}],&quot;background_slideshow_ken_burns&quot;:&quot;yes&quot;,&quot;background_slideshow_loop&quot;:&quot;yes&quot;,&quot;background_slideshow_slide_duration&quot;:5000,&quot;background_slideshow_slide_transition&quot;:&quot;fade&quot;,&quot;background_slideshow_transition_duration&quot;:500,&quot;background_slideshow_ken_burns_zoom_direction&quot;:&quot;in&quot;,&quot;_ha_eqh_enable&quot;:false}\">\n\t\t\t\t\t\t\t<div class=\"elementor-background-overlay\"><\/div>\n\t\t\t\t\t\t\t<div class=\"elementor-container elementor-column-gap-default\">\n\t\t\t\t\t<div class=\"elementor-column elementor-col-100 elementor-top-column elementor-element elementor-element-cd67e5f\" data-id=\"cd67e5f\" data-element_type=\"column\">\n\t\t\t<div class=\"elementor-widget-wrap elementor-element-populated\">\n\t\t\t\t<div class=\"elementor-element elementor-element-99d2b34 e-flex e-con-boxed e-con e-parent\" data-id=\"99d2b34\" data-element_type=\"container\" data-settings=\"{&quot;_ha_eqh_enable&quot;:false}\">\n\t\t\t\t\t<div class=\"e-con-inner\">\n\t\t\t\t<div class=\"elementor-element elementor-element-0b521a7 elementor-widget elementor-widget-image\" data-id=\"0b521a7\" data-element_type=\"widget\" data-widget_type=\"image.default\">\n\t\t\t\t<div class=\"elementor-widget-container\">\n\t\t\t\t\t\t\t\t\t\t\t\t\t\t\t<img fetchpriority=\"high\" decoding=\"async\" width=\"612\" height=\"408\" src=\"https:\/\/pietrellifruit.com\/wp-content\/uploads\/2023\/10\/istockphoto-652150690-612x612-1.jpg\" class=\"attachment-large size-large wp-image-2238\" alt=\"\" \/>\t\t\t\t\t\t\t\t\t\t\t\t\t\t\t<\/div>\n\t\t\t\t<\/div>\n\t\t\t\t\t<\/div>\n\t\t\t\t<\/div>\n\t\t\t\t<div class=\"elementor-element elementor-element-e2da67b elementor-widget elementor-widget-gva-heading-block\" data-id=\"e2da67b\" data-element_type=\"widget\" data-widget_type=\"gva-heading-block.default\">\n\t\t\t\t<div class=\"elementor-widget-container\">\n\t\t\t\t\t<div class=\"gva-element-gva-heading-block gva-element\">   <div class=\"align-left style-1 widget gsc-heading box-align-left auto-responsive\">\r\n      <div class=\"content-inner\">\r\n         \r\n                  \r\n           \r\n         \r\n                     <h2 class=\"title\">\r\n               <span>Planta San Juan\n<\/span>\r\n            <\/h2>\r\n                  \r\n         \r\n      <\/div>\r\n   <\/div>\r\n<\/div>\t\t\t\t<\/div>\n\t\t\t\t<\/div>\n\t\t\t\t\t<\/div>\n\t\t<\/div>\n\t\t\t\t\t<\/div>\n\t\t<\/section>\n\t\t<div class=\"elementor-element elementor-element-0a74fc7 e-flex e-con-boxed e-con e-parent\" data-id=\"0a74fc7\" data-element_type=\"container\" data-settings=\"{&quot;_ha_eqh_enable&quot;:false}\">\n\t\t\t\t\t<div class=\"e-con-inner\">\n\t\t<div class=\"elementor-element elementor-element-5302b4a e-con-full e-flex e-con e-child\" data-id=\"5302b4a\" data-element_type=\"container\" data-settings=\"{&quot;_ha_eqh_enable&quot;:false}\">\n\t\t\t\t<div class=\"elementor-element elementor-element-fc7abd4 elementor-invisible elementor-widget elementor-widget-image\" data-id=\"fc7abd4\" data-element_type=\"widget\" data-settings=\"{&quot;_animation&quot;:&quot;fadeInLeft&quot;}\" data-widget_type=\"image.default\">\n\t\t\t\t<div class=\"elementor-widget-container\">\n\t\t\t\t\t\t\t\t\t\t\t\t\t\t\t<img decoding=\"async\" width=\"2560\" height=\"1707\" src=\"https:\/\/pietrellifruit.com\/wp-content\/uploads\/2023\/12\/Pietrelli-Raisins-Processing-Plant2-scaled.jpg\" class=\"attachment-full size-full wp-image-3119\" alt=\"\" srcset=\"https:\/\/pietrellifruit.com\/wp-content\/uploads\/2023\/12\/Pietrelli-Raisins-Processing-Plant2-scaled.jpg 2560w, https:\/\/pietrellifruit.com\/wp-content\/uploads\/2023\/12\/Pietrelli-Raisins-Processing-Plant2-1024x683.jpg 1024w, https:\/\/pietrellifruit.com\/wp-content\/uploads\/2023\/12\/Pietrelli-Raisins-Processing-Plant2-768x512.jpg 768w, https:\/\/pietrellifruit.com\/wp-content\/uploads\/2023\/12\/Pietrelli-Raisins-Processing-Plant2-18x12.jpg 18w\" sizes=\"(max-width: 2560px) 100vw, 2560px\" \/>\t\t\t\t\t\t\t\t\t\t\t\t\t\t\t<\/div>\n\t\t\t\t<\/div>\n\t\t\t\t<div class=\"elementor-element elementor-element-79f62da elementor-widget__width-auto elementor-invisible elementor-widget elementor-widget-image\" data-id=\"79f62da\" data-element_type=\"widget\" data-settings=\"{&quot;_animation&quot;:&quot;zoomIn&quot;,&quot;_animation_delay&quot;:200}\" data-widget_type=\"image.default\">\n\t\t\t\t<div class=\"elementor-widget-container\">\n\t\t\t\t\t\t\t\t\t\t\t\t\t\t\t<img decoding=\"async\" width=\"2560\" height=\"1707\" src=\"https:\/\/pietrellifruit.com\/wp-content\/uploads\/2023\/12\/Pietrelli-Raisins-Processing-Plant-scaled.jpg\" class=\"attachment-full size-full wp-image-3107\" alt=\"\" srcset=\"https:\/\/pietrellifruit.com\/wp-content\/uploads\/2023\/12\/Pietrelli-Raisins-Processing-Plant-scaled.jpg 2560w, https:\/\/pietrellifruit.com\/wp-content\/uploads\/2023\/12\/Pietrelli-Raisins-Processing-Plant-1024x683.jpg 1024w, https:\/\/pietrellifruit.com\/wp-content\/uploads\/2023\/12\/Pietrelli-Raisins-Processing-Plant-768x512.jpg 768w, https:\/\/pietrellifruit.com\/wp-content\/uploads\/2023\/12\/Pietrelli-Raisins-Processing-Plant-18x12.jpg 18w\" sizes=\"(max-width: 2560px) 100vw, 2560px\" \/>\t\t\t\t\t\t\t\t\t\t\t\t\t\t\t<\/div>\n\t\t\t\t<\/div>\n\t\t\t\t<\/div>\n\t\t<div class=\"elementor-element elementor-element-da8a32b e-con-full e-flex e-con e-child\" data-id=\"da8a32b\" data-element_type=\"container\" data-settings=\"{&quot;_ha_eqh_enable&quot;:false}\">\n\t\t\t\t<div class=\"elementor-element elementor-element-15d2fd6 elementor-widget elementor-widget-gva-heading-block\" data-id=\"15d2fd6\" data-element_type=\"widget\" data-widget_type=\"gva-heading-block.default\">\n\t\t\t\t<div class=\"elementor-widget-container\">\n\t\t\t\t\t<div class=\"gva-element-gva-heading-block gva-element\">   <div class=\"align-left style-1 widget gsc-heading box-align-left auto-responsive\">\r\n      <div class=\"content-inner\">\r\n         \r\n                  \r\n         <div class=\"sub-title\"><span class=\"tagline\">ARGENTINA<\/span><\/div>  \r\n         \r\n                     <h2 class=\"title\">\r\n               <span>Planta de Proceso de Pasas en San Juan<\/span>\r\n            <\/h2>\r\n                              <div class=\"title-desc\">Nuestras instalaciones en la provincia de San Juan, Argentina, son consideradas una de las plantas de procesamiento de pasas de uvas sin semilla m\u00e1s modernas de Am\u00e9rica del Sur, y tienen un fuerte enfoque en la inocuidad alimentaria. Est\u00e1n equipadas con tecnolog\u00eda de vanguardia para producir un producto de excelente calidad que cumple con los rigurosos est\u00e1ndares de inocuidad requeridos en los mercados m\u00e1s exigentes.\n<\/div>\r\n         \r\n         \r\n      <\/div>\r\n   <\/div>\r\n<\/div>\t\t\t\t<\/div>\n\t\t\t\t<\/div>\n\t\t\t\t<div class=\"elementor-element elementor-element-272da46 elementor-widget elementor-widget-google_maps\" data-id=\"272da46\" data-element_type=\"widget\" data-widget_type=\"google_maps.default\">\n\t\t\t\t<div class=\"elementor-widget-container\">\n\t\t\t\t\t\t\t<div class=\"elementor-custom-embed\">\n\t\t\t<iframe loading=\"lazy\"\n\t\t\t\t\tsrc=\"https:\/\/maps.google.com\/maps?q=Pietrelli%20Fruit%20San%20Juan&#038;t=m&#038;z=13&#038;output=embed&#038;iwloc=near\"\n\t\t\t\t\ttitle=\"Pietrelli Fruit San Juan\"\n\t\t\t\t\taria-label=\"Pietrelli Fruit San Juan\"\n\t\t\t><\/iframe>\n\t\t<\/div>\n\t\t\t\t\t\t<\/div>\n\t\t\t\t<\/div>\n\t\t\t\t<\/div>\n\t\t\t\t\t<\/div>\n\t\t\t\t<\/div>\n\t\t<div class=\"elementor-element elementor-element-a4638ed e-flex e-con-boxed e-con e-parent\" data-id=\"a4638ed\" data-element_type=\"container\" data-settings=\"{&quot;_ha_eqh_enable&quot;:false}\">\n\t\t\t\t\t<div class=\"e-con-inner\">\n\t\t<div class=\"elementor-element elementor-element-fe5d044 e-con-full e-flex e-con e-child\" data-id=\"fe5d044\" data-element_type=\"container\" data-settings=\"{&quot;_ha_eqh_enable&quot;:false}\">\n\t\t\t\t<div class=\"elementor-element elementor-element-d15b3a3 elementor-view-stacked icon-box-left elementor-shape-circle elementor-position-top elementor-mobile-position-top elementor-widget elementor-widget-icon-box\" data-id=\"d15b3a3\" data-element_type=\"widget\" data-widget_type=\"icon-box.default\">\n\t\t\t\t<div class=\"elementor-widget-container\">\n\t\t\t\t\t\t\t<div class=\"elementor-icon-box-wrapper\">\n\n\t\t\t\t\t\t<div class=\"elementor-icon-box-icon\">\n\t\t\t\t<span  class=\"elementor-icon\">\n\t\t\t\t<i aria-hidden=\"true\" class=\"fas fa-check\"><\/i>\t\t\t\t<\/span>\n\t\t\t<\/div>\n\t\t\t\n\t\t\t\t\t\t<div class=\"elementor-icon-box-content\">\n\n\t\t\t\t\t\t\t\t\t<h3 class=\"elementor-icon-box-title\">\n\t\t\t\t\t\t<span  >\n\t\t\t\t\t\t\tUbicaci\u00f3n Geogr\u00e1fica y Materia Prima\t\t\t\t\t\t<\/span>\n\t\t\t\t\t<\/h3>\n\t\t\t\t\n\t\t\t\t\t\t\t\t\t<p class=\"elementor-icon-box-description\">\n\t\t\t\t\t\tLas principal regi\u00f3n de procedencia de las pasas de uva se ubican en las provincias Argentinas de:\n<br>\n<b>San Juan<\/b>: se caracteriza por un clima muy seco y altas temperaturas, su geograf\u00eda la convierte en un lugar \u00f3ptimo para el cultivo y secado de la uva.\n<br>\n<b>La Rioja<\/b>: posee un clima seco y c\u00e1lido favorable para el cultivo y producci\u00f3n de pasas de uva, en la provincia se utiliza al 100% el secado DOV (secado en la vi\u00f1a), que consiste en secar la uva en la vi\u00f1a sin necesidad de depositarla en el suelo, lo que permite que el producto final tenga un alto grado de seguridad e inocuidad, al estar pr\u00e1cticamente libres de residuos minerales.\t\t\t\t\t<\/p>\n\t\t\t\t\n\t\t\t<\/div>\n\t\t\t\n\t\t<\/div>\n\t\t\t\t\t\t<\/div>\n\t\t\t\t<\/div>\n\t\t\t\t<\/div>\n\t\t<div class=\"elementor-element elementor-element-1ab2191 e-con-full e-flex e-con e-child\" data-id=\"1ab2191\" data-element_type=\"container\" data-settings=\"{&quot;_ha_eqh_enable&quot;:false}\">\n\t\t\t\t<div class=\"elementor-element elementor-element-a708834 elementor-view-stacked icon-box-left elementor-shape-circle elementor-position-top elementor-mobile-position-top elementor-widget elementor-widget-icon-box\" data-id=\"a708834\" data-element_type=\"widget\" data-widget_type=\"icon-box.default\">\n\t\t\t\t<div class=\"elementor-widget-container\">\n\t\t\t\t\t\t\t<div class=\"elementor-icon-box-wrapper\">\n\n\t\t\t\t\t\t<div class=\"elementor-icon-box-icon\">\n\t\t\t\t<span  class=\"elementor-icon\">\n\t\t\t\t<i aria-hidden=\"true\" class=\"fas fa-check\"><\/i>\t\t\t\t<\/span>\n\t\t\t<\/div>\n\t\t\t\n\t\t\t\t\t\t<div class=\"elementor-icon-box-content\">\n\n\t\t\t\t\t\t\t\t\t<h3 class=\"elementor-icon-box-title\">\n\t\t\t\t\t\t<span  >\n\t\t\t\t\t\t\t Equipamiento y Proceso\t\t\t\t\t\t<\/span>\n\t\t\t\t\t<\/h3>\n\t\t\t\t\n\t\t\t\t\t\t\t\t\t<p class=\"elementor-icon-box-description\">\n\t\t\t\t\t\t\n- Doble lavado: rotativo y doble cascada, evitando cualquier rastro de tierra y otras materias extra\u00f1as.\t<br>\n- Escurrido y centrifugado para eliminar el agua residual.<br>\n- 2 Equipos de escaneo l\u00e1ser HELIUS TOMRA BEST con capacidad de eliminar materias extra\u00f1as de origen vegetal y las pasas descoloridas.<br>\n- Equipo de escaneo l\u00e1ser NIMBUS TOMRA BEST, que garantiza la calidad y homogeneidad.<br>\n- 2 Los equipos de Rayos X IXUS TOMRA BEST garantizan la seguridad del producto antes del envasado final.<br>\n- Equipo Detector de metales para la caja terminada.<br>\n- Equipo Envasado robotizado PATTYN.<br><b>-Estamos certificados con BRC y  Kosher.\n\n\t\t\t\t\t<\/p>\n\t\t\t\t\n\t\t\t<\/div>\n\t\t\t\n\t\t<\/div>\n\t\t\t\t\t\t<\/div>\n\t\t\t\t<\/div>\n\t\t\t\t<\/div>\n\t\t\t\t\t<\/div>\n\t\t\t\t<\/div>\n\t\t\t\t<\/div>\n\t\t","protected":false},"excerpt":{"rendered":"<p>Planta San Juan ARGENTINA Planta de Proceso de Pasas en San Juan Nuestras instalaciones en la provincia de San Juan, Argentina, son consideradas una de las plantas de procesamiento de pasas de uvas sin semilla m\u00e1s modernas de Am\u00e9rica del Sur, y tienen un fuerte enfoque en la inocuidad alimentaria. Est\u00e1n equipadas con tecnolog\u00eda de [&hellip;]<\/p>\n","protected":false},"author":1,"featured_media":0,"parent":0,"menu_order":0,"comment_status":"closed","ping_status":"closed","template":"","meta":{"footnotes":""},"class_list":["post-2411","page","type-page","status-publish","hentry"],"yoast_head":"<!-- This site is optimized with the Yoast SEO Premium plugin v21.5 (Yoast SEO v25.6) - https:\/\/yoast.com\/wordpress\/plugins\/seo\/ -->\n<title>Planta San Juan - Pietrelli<\/title>\n<meta name=\"robots\" content=\"index, follow, max-snippet:-1, max-image-preview:large, max-video-preview:-1\" \/>\n<link rel=\"canonical\" href=\"https:\/\/pietrellifruit.com\/en\/planta-san-juan\/\" \/>\n<meta property=\"og:locale\" content=\"en_US\" \/>\n<meta property=\"og:type\" content=\"article\" \/>\n<meta property=\"og:title\" content=\"Planta San Juan\" \/>\n<meta property=\"og:description\" content=\"Planta San Juan ARGENTINA Planta de Proceso de Pasas en San Juan Nuestras instalaciones en la provincia de San Juan, Argentina, son consideradas una de las plantas de procesamiento de pasas de uvas sin semilla m\u00e1s modernas de Am\u00e9rica del Sur, y tienen un fuerte enfoque en la inocuidad alimentaria. Est\u00e1n equipadas con tecnolog\u00eda de [&hellip;]\" \/>\n<meta property=\"og:url\" content=\"https:\/\/pietrellifruit.com\/en\/planta-san-juan\/\" \/>\n<meta property=\"og:site_name\" content=\"Pietrelli\" \/>\n<meta property=\"article:modified_time\" content=\"2023-12-26T19:35:04+00:00\" \/>\n<meta property=\"og:image\" content=\"https:\/\/pietrellifruit.com\/wp-content\/uploads\/2023\/10\/istockphoto-652150690-612x612-1.jpg\" \/>\n<meta name=\"twitter:card\" content=\"summary_large_image\" \/>\n<meta name=\"twitter:label1\" content=\"Est. reading time\" \/>\n\t<meta name=\"twitter:data1\" content=\"2 minutes\" \/>\n<script type=\"application\/ld+json\" class=\"yoast-schema-graph\">{\"@context\":\"https:\/\/schema.org\",\"@graph\":[{\"@type\":\"WebPage\",\"@id\":\"https:\/\/pietrellifruit.com\/planta-san-juan\/\",\"url\":\"https:\/\/pietrellifruit.com\/planta-san-juan\/\",\"name\":\"Planta San Juan - Pietrelli\",\"isPartOf\":{\"@id\":\"https:\/\/pietrellifruit.com\/#website\"},\"primaryImageOfPage\":{\"@id\":\"https:\/\/pietrellifruit.com\/planta-san-juan\/#primaryimage\"},\"image\":{\"@id\":\"https:\/\/pietrellifruit.com\/planta-san-juan\/#primaryimage\"},\"thumbnailUrl\":\"https:\/\/pietrellifruit.com\/wp-content\/uploads\/2023\/10\/istockphoto-652150690-612x612-1.jpg\",\"datePublished\":\"2023-10-10T18:56:48+00:00\",\"dateModified\":\"2023-12-26T19:35:04+00:00\",\"breadcrumb\":{\"@id\":\"https:\/\/pietrellifruit.com\/planta-san-juan\/#breadcrumb\"},\"inLanguage\":\"en-US\",\"potentialAction\":[{\"@type\":\"ReadAction\",\"target\":[\"https:\/\/pietrellifruit.com\/planta-san-juan\/\"]}]},{\"@type\":\"ImageObject\",\"inLanguage\":\"en-US\",\"@id\":\"https:\/\/pietrellifruit.com\/planta-san-juan\/#primaryimage\",\"url\":\"https:\/\/pietrellifruit.com\/wp-content\/uploads\/2023\/10\/istockphoto-652150690-612x612-1.jpg\",\"contentUrl\":\"https:\/\/pietrellifruit.com\/wp-content\/uploads\/2023\/10\/istockphoto-652150690-612x612-1.jpg\"},{\"@type\":\"BreadcrumbList\",\"@id\":\"https:\/\/pietrellifruit.com\/planta-san-juan\/#breadcrumb\",\"itemListElement\":[{\"@type\":\"ListItem\",\"position\":1,\"name\":\"Home\",\"item\":\"https:\/\/pietrellifruit.com\/\"},{\"@type\":\"ListItem\",\"position\":2,\"name\":\"Planta San Juan\"}]},{\"@type\":\"WebSite\",\"@id\":\"https:\/\/pietrellifruit.com\/#website\",\"url\":\"https:\/\/pietrellifruit.com\/\",\"name\":\"Pietrelli\",\"description\":\"Dried Fruit and Nuts\",\"publisher\":{\"@id\":\"https:\/\/pietrellifruit.com\/#organization\"},\"potentialAction\":[{\"@type\":\"SearchAction\",\"target\":{\"@type\":\"EntryPoint\",\"urlTemplate\":\"https:\/\/pietrellifruit.com\/?s={search_term_string}\"},\"query-input\":{\"@type\":\"PropertyValueSpecification\",\"valueRequired\":true,\"valueName\":\"search_term_string\"}}],\"inLanguage\":\"en-US\"},{\"@type\":\"Organization\",\"@id\":\"https:\/\/pietrellifruit.com\/#organization\",\"name\":\"Pietrellin Fruit\",\"url\":\"https:\/\/pietrellifruit.com\/\",\"logo\":{\"@type\":\"ImageObject\",\"inLanguage\":\"en-US\",\"@id\":\"https:\/\/pietrellifruit.com\/#\/schema\/logo\/image\/\",\"url\":\"https:\/\/pietrellifruit.com\/wp-content\/uploads\/2021\/11\/cropped-Logo_Pietrelli-Fruit-4.png\",\"contentUrl\":\"https:\/\/pietrellifruit.com\/wp-content\/uploads\/2021\/11\/cropped-Logo_Pietrelli-Fruit-4.png\",\"width\":512,\"height\":512,\"caption\":\"Pietrellin Fruit\"},\"image\":{\"@id\":\"https:\/\/pietrellifruit.com\/#\/schema\/logo\/image\/\"},\"sameAs\":[\"https:\/\/www.linkedin.com\/company\/pietrellifruit\"]}]}<\/script>\n<!-- \/ Yoast SEO Premium plugin. -->","yoast_head_json":{"title":"Planta San Juan - Pietrelli","robots":{"index":"index","follow":"follow","max-snippet":"max-snippet:-1","max-image-preview":"max-image-preview:large","max-video-preview":"max-video-preview:-1"},"canonical":"https:\/\/pietrellifruit.com\/en\/planta-san-juan\/","og_locale":"en_US","og_type":"article","og_title":"Planta San Juan","og_description":"Planta San Juan ARGENTINA Planta de Proceso de Pasas en San Juan Nuestras instalaciones en la provincia de San Juan, Argentina, son consideradas una de las plantas de procesamiento de pasas de uvas sin semilla m\u00e1s modernas de Am\u00e9rica del Sur, y tienen un fuerte enfoque en la inocuidad alimentaria. Est\u00e1n equipadas con tecnolog\u00eda de [&hellip;]","og_url":"https:\/\/pietrellifruit.com\/en\/planta-san-juan\/","og_site_name":"Pietrelli","article_modified_time":"2023-12-26T19:35:04+00:00","og_image":[{"url":"https:\/\/pietrellifruit.com\/wp-content\/uploads\/2023\/10\/istockphoto-652150690-612x612-1.jpg","type":"","width":"","height":""}],"twitter_card":"summary_large_image","twitter_misc":{"Est. reading time":"2 minutes"},"schema":{"@context":"https:\/\/schema.org","@graph":[{"@type":"WebPage","@id":"https:\/\/pietrellifruit.com\/planta-san-juan\/","url":"https:\/\/pietrellifruit.com\/planta-san-juan\/","name":"Planta San Juan - Pietrelli","isPartOf":{"@id":"https:\/\/pietrellifruit.com\/#website"},"primaryImageOfPage":{"@id":"https:\/\/pietrellifruit.com\/planta-san-juan\/#primaryimage"},"image":{"@id":"https:\/\/pietrellifruit.com\/planta-san-juan\/#primaryimage"},"thumbnailUrl":"https:\/\/pietrellifruit.com\/wp-content\/uploads\/2023\/10\/istockphoto-652150690-612x612-1.jpg","datePublished":"2023-10-10T18:56:48+00:00","dateModified":"2023-12-26T19:35:04+00:00","breadcrumb":{"@id":"https:\/\/pietrellifruit.com\/planta-san-juan\/#breadcrumb"},"inLanguage":"en-US","potentialAction":[{"@type":"ReadAction","target":["https:\/\/pietrellifruit.com\/planta-san-juan\/"]}]},{"@type":"ImageObject","inLanguage":"en-US","@id":"https:\/\/pietrellifruit.com\/planta-san-juan\/#primaryimage","url":"https:\/\/pietrellifruit.com\/wp-content\/uploads\/2023\/10\/istockphoto-652150690-612x612-1.jpg","contentUrl":"https:\/\/pietrellifruit.com\/wp-content\/uploads\/2023\/10\/istockphoto-652150690-612x612-1.jpg"},{"@type":"BreadcrumbList","@id":"https:\/\/pietrellifruit.com\/planta-san-juan\/#breadcrumb","itemListElement":[{"@type":"ListItem","position":1,"name":"Home","item":"https:\/\/pietrellifruit.com\/"},{"@type":"ListItem","position":2,"name":"Planta San Juan"}]},{"@type":"WebSite","@id":"https:\/\/pietrellifruit.com\/#website","url":"https:\/\/pietrellifruit.com\/","name":"Pietrelli","description":"Dried Fruit and Nuts","publisher":{"@id":"https:\/\/pietrellifruit.com\/#organization"},"potentialAction":[{"@type":"SearchAction","target":{"@type":"EntryPoint","urlTemplate":"https:\/\/pietrellifruit.com\/?s={search_term_string}"},"query-input":{"@type":"PropertyValueSpecification","valueRequired":true,"valueName":"search_term_string"}}],"inLanguage":"en-US"},{"@type":"Organization","@id":"https:\/\/pietrellifruit.com\/#organization","name":"Pietrellin Fruit","url":"https:\/\/pietrellifruit.com\/","logo":{"@type":"ImageObject","inLanguage":"en-US","@id":"https:\/\/pietrellifruit.com\/#\/schema\/logo\/image\/","url":"https:\/\/pietrellifruit.com\/wp-content\/uploads\/2021\/11\/cropped-Logo_Pietrelli-Fruit-4.png","contentUrl":"https:\/\/pietrellifruit.com\/wp-content\/uploads\/2021\/11\/cropped-Logo_Pietrelli-Fruit-4.png","width":512,"height":512,"caption":"Pietrellin Fruit"},"image":{"@id":"https:\/\/pietrellifruit.com\/#\/schema\/logo\/image\/"},"sameAs":["https:\/\/www.linkedin.com\/company\/pietrellifruit"]}]}},"_links":{"self":[{"href":"https:\/\/pietrellifruit.com\/en\/wp-json\/wp\/v2\/pages\/2411"}],"collection":[{"href":"https:\/\/pietrellifruit.com\/en\/wp-json\/wp\/v2\/pages"}],"about":[{"href":"https:\/\/pietrellifruit.com\/en\/wp-json\/wp\/v2\/types\/page"}],"author":[{"embeddable":true,"href":"https:\/\/pietrellifruit.com\/en\/wp-json\/wp\/v2\/users\/1"}],"replies":[{"embeddable":true,"href":"https:\/\/pietrellifruit.com\/en\/wp-json\/wp\/v2\/comments?post=2411"}],"version-history":[{"count":46,"href":"https:\/\/pietrellifruit.com\/en\/wp-json\/wp\/v2\/pages\/2411\/revisions"}],"predecessor-version":[{"id":3660,"href":"https:\/\/pietrellifruit.com\/en\/wp-json\/wp\/v2\/pages\/2411\/revisions\/3660"}],"wp:attachment":[{"href":"https:\/\/pietrellifruit.com\/en\/wp-json\/wp\/v2\/media?parent=2411"}],"curies":[{"name":"wp","href":"https:\/\/api.w.org\/{rel}","templated":true}]}}