{"id":2367,"date":"2023-10-09T00:39:28","date_gmt":"2023-10-09T03:39:28","guid":{"rendered":"https:\/\/pietrellifruit.com\/?page_id=2367"},"modified":"2024-01-05T15:56:59","modified_gmt":"2024-01-05T18:56:59","slug":"planta-san-rafael","status":"publish","type":"page","link":"https:\/\/pietrellifruit.com\/en\/planta-san-rafael\/","title":{"rendered":"San Rafael Plant"},"content":{"rendered":"\t\t<div data-elementor-type=\"wp-page\" data-elementor-id=\"2367\" class=\"elementor elementor-2367\" data-elementor-settings=\"{&quot;ha_cmc_init_switcher&quot;:&quot;no&quot;}\" data-elementor-post-type=\"page\">\n\t\t\t\t\t\t<section class=\"elementor-section elementor-top-section elementor-element elementor-element-f5c96dc elementor-section-boxed elementor-section-height-default elementor-section-height-default\" data-id=\"f5c96dc\" data-element_type=\"section\" data-settings=\"{&quot;background_background&quot;:&quot;slideshow&quot;,&quot;background_slideshow_gallery&quot;:[{&quot;id&quot;:3070,&quot;url&quot;:&quot;https:\\\/\\\/pietrellifruit.com\\\/wp-content\\\/uploads\\\/2023\\\/12\\\/julie-modeste-U2zvucji2p0-unsplash-scaled.jpg&quot;},{&quot;id&quot;:1820,&quot;url&quot;:&quot;https:\\\/\\\/pietrellifruit.com\\\/wp-content\\\/uploads\\\/2023\\\/09\\\/italian-prune-plum-blue-indigo-fruits-6fpevr4yf2wqw04x.jpg&quot;},{&quot;id&quot;:2402,&quot;url&quot;:&quot;https:\\\/\\\/pietrellifruit.com\\\/wp-content\\\/uploads\\\/2023\\\/10\\\/SKY_1016-1.jpg&quot;}],&quot;background_slideshow_ken_burns&quot;:&quot;yes&quot;,&quot;background_slideshow_loop&quot;:&quot;yes&quot;,&quot;background_slideshow_slide_duration&quot;:5000,&quot;background_slideshow_slide_transition&quot;:&quot;fade&quot;,&quot;background_slideshow_transition_duration&quot;:500,&quot;background_slideshow_ken_burns_zoom_direction&quot;:&quot;in&quot;,&quot;_ha_eqh_enable&quot;:false}\">\n\t\t\t\t\t\t\t<div class=\"elementor-background-overlay\"><\/div>\n\t\t\t\t\t\t\t<div class=\"elementor-container elementor-column-gap-default\">\n\t\t\t\t\t<div class=\"elementor-column elementor-col-100 elementor-top-column elementor-element elementor-element-cd67e5f\" data-id=\"cd67e5f\" data-element_type=\"column\">\n\t\t\t<div class=\"elementor-widget-wrap elementor-element-populated\">\n\t\t\t\t<div class=\"elementor-element elementor-element-e66f561 e-flex e-con-boxed e-con e-parent\" data-id=\"e66f561\" data-element_type=\"container\" data-settings=\"{&quot;_ha_eqh_enable&quot;:false}\">\n\t\t\t\t\t<div class=\"e-con-inner\">\n\t\t\t\t<div class=\"elementor-element elementor-element-7a89b6f elementor-widget elementor-widget-image\" data-id=\"7a89b6f\" data-element_type=\"widget\" data-widget_type=\"image.default\">\n\t\t\t\t<div class=\"elementor-widget-container\">\n\t\t\t\t\t\t\t\t\t\t\t\t\t\t\t<img fetchpriority=\"high\" decoding=\"async\" width=\"612\" height=\"408\" src=\"https:\/\/pietrellifruit.com\/wp-content\/uploads\/2023\/10\/istockphoto-652150690-612x612-1.jpg\" class=\"attachment-large size-large wp-image-2238\" alt=\"\" \/>\t\t\t\t\t\t\t\t\t\t\t\t\t\t\t<\/div>\n\t\t\t\t<\/div>\n\t\t\t\t\t<\/div>\n\t\t\t\t<\/div>\n\t\t\t\t<div class=\"elementor-element elementor-element-e2da67b elementor-widget elementor-widget-gva-heading-block\" data-id=\"e2da67b\" data-element_type=\"widget\" data-widget_type=\"gva-heading-block.default\">\n\t\t\t\t<div class=\"elementor-widget-container\">\n\t\t\t\t\t<div class=\"gva-element-gva-heading-block gva-element\">   <div class=\"align-left style-1 widget gsc-heading box-align-left auto-responsive\">\r\n      <div class=\"content-inner\">\r\n         \r\n                  \r\n           \r\n         \r\n                     <h2 class=\"title\">\r\n               <span>Planta San Rafael\n<\/span>\r\n            <\/h2>\r\n                  \r\n         \r\n      <\/div>\r\n   <\/div>\r\n<\/div>\t\t\t\t<\/div>\n\t\t\t\t<\/div>\n\t\t\t\t\t<\/div>\n\t\t<\/div>\n\t\t\t\t\t<\/div>\n\t\t<\/section>\n\t\t<div class=\"elementor-element elementor-element-0a74fc7 e-flex e-con-boxed e-con e-parent\" data-id=\"0a74fc7\" data-element_type=\"container\" data-settings=\"{&quot;_ha_eqh_enable&quot;:false}\">\n\t\t\t\t\t<div class=\"e-con-inner\">\n\t\t<div class=\"elementor-element elementor-element-5302b4a e-con-full e-flex e-con e-child\" data-id=\"5302b4a\" data-element_type=\"container\" data-settings=\"{&quot;_ha_eqh_enable&quot;:false}\">\n\t\t\t\t<div class=\"elementor-element elementor-element-fc7abd4 elementor-invisible elementor-widget elementor-widget-image\" data-id=\"fc7abd4\" data-element_type=\"widget\" data-settings=\"{&quot;_animation&quot;:&quot;fadeInLeft&quot;}\" data-widget_type=\"image.default\">\n\t\t\t\t<div class=\"elementor-widget-container\">\n\t\t\t\t\t\t\t\t\t\t\t\t\t\t\t<img decoding=\"async\" width=\"2000\" height=\"1333\" src=\"https:\/\/pietrellifruit.com\/wp-content\/uploads\/2023\/10\/SKY_0869.jpg\" class=\"attachment-full size-full wp-image-2398\" alt=\"\" srcset=\"https:\/\/pietrellifruit.com\/wp-content\/uploads\/2023\/10\/SKY_0869.jpg 2000w, https:\/\/pietrellifruit.com\/wp-content\/uploads\/2023\/10\/SKY_0869-1024x682.jpg 1024w, https:\/\/pietrellifruit.com\/wp-content\/uploads\/2023\/10\/SKY_0869-768x512.jpg 768w\" sizes=\"(max-width: 2000px) 100vw, 2000px\" \/>\t\t\t\t\t\t\t\t\t\t\t\t\t\t\t<\/div>\n\t\t\t\t<\/div>\n\t\t\t\t<div class=\"elementor-element elementor-element-79f62da elementor-widget__width-auto elementor-invisible elementor-widget elementor-widget-image\" data-id=\"79f62da\" data-element_type=\"widget\" data-settings=\"{&quot;_animation&quot;:&quot;zoomIn&quot;,&quot;_animation_delay&quot;:200}\" data-widget_type=\"image.default\">\n\t\t\t\t<div class=\"elementor-widget-container\">\n\t\t\t\t\t\t\t\t\t\t\t\t\t\t\t<img decoding=\"async\" width=\"2000\" height=\"1333\" src=\"https:\/\/pietrellifruit.com\/wp-content\/uploads\/2023\/10\/SKY_0630.jpg\" class=\"attachment-full size-full wp-image-2396\" alt=\"\" srcset=\"https:\/\/pietrellifruit.com\/wp-content\/uploads\/2023\/10\/SKY_0630.jpg 2000w, https:\/\/pietrellifruit.com\/wp-content\/uploads\/2023\/10\/SKY_0630-1024x682.jpg 1024w, https:\/\/pietrellifruit.com\/wp-content\/uploads\/2023\/10\/SKY_0630-768x512.jpg 768w\" sizes=\"(max-width: 2000px) 100vw, 2000px\" \/>\t\t\t\t\t\t\t\t\t\t\t\t\t\t\t<\/div>\n\t\t\t\t<\/div>\n\t\t\t\t<\/div>\n\t\t<div class=\"elementor-element elementor-element-da8a32b e-con-full e-flex e-con e-child\" data-id=\"da8a32b\" data-element_type=\"container\" data-settings=\"{&quot;_ha_eqh_enable&quot;:false}\">\n\t\t\t\t<div class=\"elementor-element elementor-element-15d2fd6 elementor-widget elementor-widget-gva-heading-block\" data-id=\"15d2fd6\" data-element_type=\"widget\" data-widget_type=\"gva-heading-block.default\">\n\t\t\t\t<div class=\"elementor-widget-container\">\n\t\t\t\t\t<div class=\"gva-element-gva-heading-block gva-element\">   <div class=\"align-left style-1 widget gsc-heading box-align-left auto-responsive\">\r\n      <div class=\"content-inner\">\r\n         \r\n                  \r\n         <div class=\"sub-title\"><span class=\"tagline\">ARGENTINA<\/span><\/div>  \r\n         \r\n                     <h2 class=\"title\">\r\n               <span>Planta de Proceso de Ciruelas en San Rafael<\/span>\r\n            <\/h2>\r\n                              <div class=\"title-desc\">Nuestra planta de proceso de ciruelas se distingue por su excelencia en el tratamiento y transformaci\u00f3n de esta deliciosa fruta. Contamos con dos instalaciones estrat\u00e9gicamente ubicadas, una en la pintoresca localidad de Rivadavia, equipada con 12 t\u00faneles de deshidratado capaces de procesar hasta 120.000 kg diarios, y otra en la din\u00e1mica ciudad de San Rafael, con una impresionante capacidad de 200.000 kg\/d\u00eda distribuidos en 20 t\u00faneles de deshidratado. Estos establecimientos representan el coraz\u00f3n de nuestro compromiso con la calidad y trazabilidad, asegurando que nuestras materias primas sean tratadas con el m\u00e1ximo cuidado desde su origen hasta el producto final.\n<\/div>\r\n         \r\n         \r\n      <\/div>\r\n   <\/div>\r\n<\/div>\t\t\t\t<\/div>\n\t\t\t\t<\/div>\n\t\t\t\t<div class=\"elementor-element elementor-element-272da46 elementor-widget elementor-widget-google_maps\" data-id=\"272da46\" data-element_type=\"widget\" data-widget_type=\"google_maps.default\">\n\t\t\t\t<div class=\"elementor-widget-container\">\n\t\t\t\t\t\t\t<div class=\"elementor-custom-embed\">\n\t\t\t<iframe loading=\"lazy\"\n\t\t\t\t\tsrc=\"https:\/\/maps.google.com\/maps?q=Pietrelli%20Fruit%20San%20rafael&#038;t=m&#038;z=13&#038;output=embed&#038;iwloc=near\"\n\t\t\t\t\ttitle=\"Pietrelli Fruit San rafael\"\n\t\t\t\t\taria-label=\"Pietrelli Fruit San rafael\"\n\t\t\t><\/iframe>\n\t\t<\/div>\n\t\t\t\t\t\t<\/div>\n\t\t\t\t<\/div>\n\t\t\t\t<\/div>\n\t\t\t\t\t<\/div>\n\t\t\t\t<\/div>\n\t\t<div class=\"elementor-element elementor-element-a4638ed e-flex e-con-boxed e-con e-parent\" data-id=\"a4638ed\" data-element_type=\"container\" data-settings=\"{&quot;_ha_eqh_enable&quot;:false}\">\n\t\t\t\t\t<div class=\"e-con-inner\">\n\t\t<div class=\"elementor-element elementor-element-fe5d044 e-con-full e-flex e-con e-child\" data-id=\"fe5d044\" data-element_type=\"container\" data-settings=\"{&quot;_ha_eqh_enable&quot;:false}\">\n\t\t\t\t<div class=\"elementor-element elementor-element-d15b3a3 elementor-view-stacked icon-box-left elementor-shape-circle elementor-position-top elementor-mobile-position-top elementor-widget elementor-widget-icon-box\" data-id=\"d15b3a3\" data-element_type=\"widget\" data-widget_type=\"icon-box.default\">\n\t\t\t\t<div class=\"elementor-widget-container\">\n\t\t\t\t\t\t\t<div class=\"elementor-icon-box-wrapper\">\n\n\t\t\t\t\t\t<div class=\"elementor-icon-box-icon\">\n\t\t\t\t<span  class=\"elementor-icon\">\n\t\t\t\t<i aria-hidden=\"true\" class=\"fas fa-check\"><\/i>\t\t\t\t<\/span>\n\t\t\t<\/div>\n\t\t\t\n\t\t\t\t\t\t<div class=\"elementor-icon-box-content\">\n\n\t\t\t\t\t\t\t\t\t<h3 class=\"elementor-icon-box-title\">\n\t\t\t\t\t\t<span  >\n\t\t\t\t\t\t\tUbicaci\u00f3n Geogr\u00e1fica y Materia Prima\t\t\t\t\t\t<\/span>\n\t\t\t\t\t<\/h3>\n\t\t\t\t\n\t\t\t\t\t\t\t\t\t<p class=\"elementor-icon-box-description\">\n\t\t\t\t\t\tNuestras plantas, estrat\u00e9gicamente distribuidas en San Rafael y Rivadavia, forman un entramado esencial para la producci\u00f3n de ciruelas de alta calidad. Adicionalmente, contamos con una instalaci\u00f3n dedicada al procesamiento de pasas de uva, consolidando as\u00ed nuestra presencia en el sector de frutas deshidratadas.\t\t\t\t\t<\/p>\n\t\t\t\t\n\t\t\t<\/div>\n\t\t\t\n\t\t<\/div>\n\t\t\t\t\t\t<\/div>\n\t\t\t\t<\/div>\n\t\t\t\t<\/div>\n\t\t<div class=\"elementor-element elementor-element-1ab2191 e-con-full e-flex e-con e-child\" data-id=\"1ab2191\" data-element_type=\"container\" data-settings=\"{&quot;_ha_eqh_enable&quot;:false}\">\n\t\t\t\t<div class=\"elementor-element elementor-element-a708834 elementor-view-stacked icon-box-left elementor-shape-circle elementor-position-top elementor-mobile-position-top elementor-widget elementor-widget-icon-box\" data-id=\"a708834\" data-element_type=\"widget\" data-widget_type=\"icon-box.default\">\n\t\t\t\t<div class=\"elementor-widget-container\">\n\t\t\t\t\t\t\t<div class=\"elementor-icon-box-wrapper\">\n\n\t\t\t\t\t\t<div class=\"elementor-icon-box-icon\">\n\t\t\t\t<span  class=\"elementor-icon\">\n\t\t\t\t<i aria-hidden=\"true\" class=\"fas fa-check\"><\/i>\t\t\t\t<\/span>\n\t\t\t<\/div>\n\t\t\t\n\t\t\t\t\t\t<div class=\"elementor-icon-box-content\">\n\n\t\t\t\t\t\t\t\t\t<h3 class=\"elementor-icon-box-title\">\n\t\t\t\t\t\t<span  >\n\t\t\t\t\t\t\t Equipamiento y Proceso\t\t\t\t\t\t<\/span>\n\t\t\t\t\t<\/h3>\n\t\t\t\t\n\t\t\t\t\t\t\t\t\t<p class=\"elementor-icon-box-description\">\n\t\t\t\t\t\tEn Argentina, nuestra planta de proceso de ciruelas ostenta lo \u00faltimo en tecnolog\u00eda para el descarozado, lo que nos permite mantener un est\u00e1ndar de calidad sobresaliente con una capacidad de procesamiento de 6.000 toneladas al a\u00f1o. Estamos orgullosos de poseer las certificaciones de inocuidad FSSC 22000, as\u00ed como las certificaciones de calidad para procesos como Kosher, Halal y Org\u00e1nico. Esto garantiza que nuestros productos no solo cumplen con los est\u00e1ndares m\u00e1s rigurosos, sino que tambi\u00e9n reflejan nuestro compromiso con la salud y el bienestar de nuestros consumidores.\n\t\t\t\t\t<\/p>\n\t\t\t\t\n\t\t\t<\/div>\n\t\t\t\n\t\t<\/div>\n\t\t\t\t\t\t<\/div>\n\t\t\t\t<\/div>\n\t\t\t\t<\/div>\n\t\t<div class=\"elementor-element elementor-element-dfeafc1 e-con-full e-flex e-con e-child\" data-id=\"dfeafc1\" data-element_type=\"container\" data-settings=\"{&quot;_ha_eqh_enable&quot;:false}\">\n\t\t\t\t<div class=\"elementor-element elementor-element-64bda3c elementor-view-stacked icon-box-left elementor-shape-circle elementor-position-top elementor-mobile-position-top elementor-widget elementor-widget-icon-box\" data-id=\"64bda3c\" data-element_type=\"widget\" data-widget_type=\"icon-box.default\">\n\t\t\t\t<div class=\"elementor-widget-container\">\n\t\t\t\t\t\t\t<div class=\"elementor-icon-box-wrapper\">\n\n\t\t\t\t\t\t<div class=\"elementor-icon-box-icon\">\n\t\t\t\t<span  class=\"elementor-icon\">\n\t\t\t\t<i aria-hidden=\"true\" class=\"fas fa-check\"><\/i>\t\t\t\t<\/span>\n\t\t\t<\/div>\n\t\t\t\n\t\t\t\t\t\t<div class=\"elementor-icon-box-content\">\n\n\t\t\t\t\t\t\t\t\t<h3 class=\"elementor-icon-box-title\">\n\t\t\t\t\t\t<span  >\n\t\t\t\t\t\t\tL\u00ednea de Proceso de Pur\u00e9 de Ciruelas\t\t\t\t\t\t<\/span>\n\t\t\t\t\t<\/h3>\n\t\t\t\t\n\t\t\t\t\t\t\t\t\t<p class=\"elementor-icon-box-description\">\n\t\t\t\t\t\tNuestra planta no solo se especializa en ciruelas deshidratadas, sino que tambi\u00e9n cuenta con una l\u00ednea de procesamiento dedicada a la elaboraci\u00f3n de pur\u00e9 de ciruelas, tanto convencional como org\u00e1nico. Utilizando tecnolog\u00eda de vanguardia y prescindiendo de conservantes, logramos producir productos org\u00e1nicos de la m\u00e1s alta calidad, garantizando la seguridad y satisfacci\u00f3n de nuestros clientes.\n\t\t\t\t\t<\/p>\n\t\t\t\t\n\t\t\t<\/div>\n\t\t\t\n\t\t<\/div>\n\t\t\t\t\t\t<\/div>\n\t\t\t\t<\/div>\n\t\t\t\t<\/div>\n\t\t\t\t\t<\/div>\n\t\t\t\t<\/div>\n\t\t\t\t<\/div>\n\t\t","protected":false},"excerpt":{"rendered":"<p>Planta San Rafael ARGENTINA Planta de Proceso de Ciruelas en San Rafael Nuestra planta de proceso de ciruelas se distingue por su excelencia en el tratamiento y transformaci\u00f3n de esta deliciosa fruta. Contamos con dos instalaciones estrat\u00e9gicamente ubicadas, una en la pintoresca localidad de Rivadavia, equipada con 12 t\u00faneles de deshidratado capaces de procesar hasta [&hellip;]<\/p>\n","protected":false},"author":1,"featured_media":0,"parent":0,"menu_order":0,"comment_status":"closed","ping_status":"closed","template":"","meta":{"footnotes":""},"class_list":["post-2367","page","type-page","status-publish","hentry"],"yoast_head":"<!-- This site is optimized with the Yoast SEO Premium plugin v21.5 (Yoast SEO v25.6) - https:\/\/yoast.com\/wordpress\/plugins\/seo\/ -->\n<title>Planta San Rafael - Pietrelli<\/title>\n<meta name=\"robots\" content=\"index, follow, max-snippet:-1, max-image-preview:large, max-video-preview:-1\" \/>\n<link rel=\"canonical\" href=\"https:\/\/pietrellifruit.com\/en\/planta-san-rafael\/\" \/>\n<meta property=\"og:locale\" content=\"en_US\" \/>\n<meta property=\"og:type\" content=\"article\" \/>\n<meta property=\"og:title\" content=\"Planta San Rafael\" \/>\n<meta property=\"og:description\" content=\"Planta San Rafael ARGENTINA Planta de Proceso de Ciruelas en San Rafael Nuestra planta de proceso de ciruelas se distingue por su excelencia en el tratamiento y transformaci\u00f3n de esta deliciosa fruta. Contamos con dos instalaciones estrat\u00e9gicamente ubicadas, una en la pintoresca localidad de Rivadavia, equipada con 12 t\u00faneles de deshidratado capaces de procesar hasta [&hellip;]\" \/>\n<meta property=\"og:url\" content=\"https:\/\/pietrellifruit.com\/en\/planta-san-rafael\/\" \/>\n<meta property=\"og:site_name\" content=\"Pietrelli\" \/>\n<meta property=\"article:modified_time\" content=\"2024-01-05T18:56:59+00:00\" \/>\n<meta property=\"og:image\" content=\"https:\/\/pietrellifruit.com\/wp-content\/uploads\/2023\/10\/istockphoto-652150690-612x612-1.jpg\" \/>\n<meta name=\"twitter:card\" content=\"summary_large_image\" \/>\n<meta name=\"twitter:label1\" content=\"Est. reading time\" \/>\n\t<meta name=\"twitter:data1\" content=\"2 minutes\" \/>\n<script type=\"application\/ld+json\" class=\"yoast-schema-graph\">{\"@context\":\"https:\/\/schema.org\",\"@graph\":[{\"@type\":\"WebPage\",\"@id\":\"https:\/\/pietrellifruit.com\/planta-san-rafael\/\",\"url\":\"https:\/\/pietrellifruit.com\/planta-san-rafael\/\",\"name\":\"Planta San Rafael - Pietrelli\",\"isPartOf\":{\"@id\":\"https:\/\/pietrellifruit.com\/#website\"},\"primaryImageOfPage\":{\"@id\":\"https:\/\/pietrellifruit.com\/planta-san-rafael\/#primaryimage\"},\"image\":{\"@id\":\"https:\/\/pietrellifruit.com\/planta-san-rafael\/#primaryimage\"},\"thumbnailUrl\":\"https:\/\/pietrellifruit.com\/wp-content\/uploads\/2023\/10\/istockphoto-652150690-612x612-1.jpg\",\"datePublished\":\"2023-10-09T03:39:28+00:00\",\"dateModified\":\"2024-01-05T18:56:59+00:00\",\"breadcrumb\":{\"@id\":\"https:\/\/pietrellifruit.com\/planta-san-rafael\/#breadcrumb\"},\"inLanguage\":\"en-US\",\"potentialAction\":[{\"@type\":\"ReadAction\",\"target\":[\"https:\/\/pietrellifruit.com\/planta-san-rafael\/\"]}]},{\"@type\":\"ImageObject\",\"inLanguage\":\"en-US\",\"@id\":\"https:\/\/pietrellifruit.com\/planta-san-rafael\/#primaryimage\",\"url\":\"https:\/\/pietrellifruit.com\/wp-content\/uploads\/2023\/10\/istockphoto-652150690-612x612-1.jpg\",\"contentUrl\":\"https:\/\/pietrellifruit.com\/wp-content\/uploads\/2023\/10\/istockphoto-652150690-612x612-1.jpg\"},{\"@type\":\"BreadcrumbList\",\"@id\":\"https:\/\/pietrellifruit.com\/planta-san-rafael\/#breadcrumb\",\"itemListElement\":[{\"@type\":\"ListItem\",\"position\":1,\"name\":\"Home\",\"item\":\"https:\/\/pietrellifruit.com\/\"},{\"@type\":\"ListItem\",\"position\":2,\"name\":\"Planta San Rafael\"}]},{\"@type\":\"WebSite\",\"@id\":\"https:\/\/pietrellifruit.com\/#website\",\"url\":\"https:\/\/pietrellifruit.com\/\",\"name\":\"Pietrelli\",\"description\":\"Dried Fruit and Nuts\",\"publisher\":{\"@id\":\"https:\/\/pietrellifruit.com\/#organization\"},\"potentialAction\":[{\"@type\":\"SearchAction\",\"target\":{\"@type\":\"EntryPoint\",\"urlTemplate\":\"https:\/\/pietrellifruit.com\/?s={search_term_string}\"},\"query-input\":{\"@type\":\"PropertyValueSpecification\",\"valueRequired\":true,\"valueName\":\"search_term_string\"}}],\"inLanguage\":\"en-US\"},{\"@type\":\"Organization\",\"@id\":\"https:\/\/pietrellifruit.com\/#organization\",\"name\":\"Pietrellin Fruit\",\"url\":\"https:\/\/pietrellifruit.com\/\",\"logo\":{\"@type\":\"ImageObject\",\"inLanguage\":\"en-US\",\"@id\":\"https:\/\/pietrellifruit.com\/#\/schema\/logo\/image\/\",\"url\":\"https:\/\/pietrellifruit.com\/wp-content\/uploads\/2021\/11\/cropped-Logo_Pietrelli-Fruit-4.png\",\"contentUrl\":\"https:\/\/pietrellifruit.com\/wp-content\/uploads\/2021\/11\/cropped-Logo_Pietrelli-Fruit-4.png\",\"width\":512,\"height\":512,\"caption\":\"Pietrellin Fruit\"},\"image\":{\"@id\":\"https:\/\/pietrellifruit.com\/#\/schema\/logo\/image\/\"},\"sameAs\":[\"https:\/\/www.linkedin.com\/company\/pietrellifruit\"]}]}<\/script>\n<!-- \/ Yoast SEO Premium plugin. -->","yoast_head_json":{"title":"Planta San Rafael - Pietrelli","robots":{"index":"index","follow":"follow","max-snippet":"max-snippet:-1","max-image-preview":"max-image-preview:large","max-video-preview":"max-video-preview:-1"},"canonical":"https:\/\/pietrellifruit.com\/en\/planta-san-rafael\/","og_locale":"en_US","og_type":"article","og_title":"Planta San Rafael","og_description":"Planta San Rafael ARGENTINA Planta de Proceso de Ciruelas en San Rafael Nuestra planta de proceso de ciruelas se distingue por su excelencia en el tratamiento y transformaci\u00f3n de esta deliciosa fruta. Contamos con dos instalaciones estrat\u00e9gicamente ubicadas, una en la pintoresca localidad de Rivadavia, equipada con 12 t\u00faneles de deshidratado capaces de procesar hasta [&hellip;]","og_url":"https:\/\/pietrellifruit.com\/en\/planta-san-rafael\/","og_site_name":"Pietrelli","article_modified_time":"2024-01-05T18:56:59+00:00","og_image":[{"url":"https:\/\/pietrellifruit.com\/wp-content\/uploads\/2023\/10\/istockphoto-652150690-612x612-1.jpg","type":"","width":"","height":""}],"twitter_card":"summary_large_image","twitter_misc":{"Est. reading time":"2 minutes"},"schema":{"@context":"https:\/\/schema.org","@graph":[{"@type":"WebPage","@id":"https:\/\/pietrellifruit.com\/planta-san-rafael\/","url":"https:\/\/pietrellifruit.com\/planta-san-rafael\/","name":"Planta San Rafael - Pietrelli","isPartOf":{"@id":"https:\/\/pietrellifruit.com\/#website"},"primaryImageOfPage":{"@id":"https:\/\/pietrellifruit.com\/planta-san-rafael\/#primaryimage"},"image":{"@id":"https:\/\/pietrellifruit.com\/planta-san-rafael\/#primaryimage"},"thumbnailUrl":"https:\/\/pietrellifruit.com\/wp-content\/uploads\/2023\/10\/istockphoto-652150690-612x612-1.jpg","datePublished":"2023-10-09T03:39:28+00:00","dateModified":"2024-01-05T18:56:59+00:00","breadcrumb":{"@id":"https:\/\/pietrellifruit.com\/planta-san-rafael\/#breadcrumb"},"inLanguage":"en-US","potentialAction":[{"@type":"ReadAction","target":["https:\/\/pietrellifruit.com\/planta-san-rafael\/"]}]},{"@type":"ImageObject","inLanguage":"en-US","@id":"https:\/\/pietrellifruit.com\/planta-san-rafael\/#primaryimage","url":"https:\/\/pietrellifruit.com\/wp-content\/uploads\/2023\/10\/istockphoto-652150690-612x612-1.jpg","contentUrl":"https:\/\/pietrellifruit.com\/wp-content\/uploads\/2023\/10\/istockphoto-652150690-612x612-1.jpg"},{"@type":"BreadcrumbList","@id":"https:\/\/pietrellifruit.com\/planta-san-rafael\/#breadcrumb","itemListElement":[{"@type":"ListItem","position":1,"name":"Home","item":"https:\/\/pietrellifruit.com\/"},{"@type":"ListItem","position":2,"name":"Planta San Rafael"}]},{"@type":"WebSite","@id":"https:\/\/pietrellifruit.com\/#website","url":"https:\/\/pietrellifruit.com\/","name":"Pietrelli","description":"Dried Fruit and Nuts","publisher":{"@id":"https:\/\/pietrellifruit.com\/#organization"},"potentialAction":[{"@type":"SearchAction","target":{"@type":"EntryPoint","urlTemplate":"https:\/\/pietrellifruit.com\/?s={search_term_string}"},"query-input":{"@type":"PropertyValueSpecification","valueRequired":true,"valueName":"search_term_string"}}],"inLanguage":"en-US"},{"@type":"Organization","@id":"https:\/\/pietrellifruit.com\/#organization","name":"Pietrellin Fruit","url":"https:\/\/pietrellifruit.com\/","logo":{"@type":"ImageObject","inLanguage":"en-US","@id":"https:\/\/pietrellifruit.com\/#\/schema\/logo\/image\/","url":"https:\/\/pietrellifruit.com\/wp-content\/uploads\/2021\/11\/cropped-Logo_Pietrelli-Fruit-4.png","contentUrl":"https:\/\/pietrellifruit.com\/wp-content\/uploads\/2021\/11\/cropped-Logo_Pietrelli-Fruit-4.png","width":512,"height":512,"caption":"Pietrellin Fruit"},"image":{"@id":"https:\/\/pietrellifruit.com\/#\/schema\/logo\/image\/"},"sameAs":["https:\/\/www.linkedin.com\/company\/pietrellifruit"]}]}},"_links":{"self":[{"href":"https:\/\/pietrellifruit.com\/en\/wp-json\/wp\/v2\/pages\/2367"}],"collection":[{"href":"https:\/\/pietrellifruit.com\/en\/wp-json\/wp\/v2\/pages"}],"about":[{"href":"https:\/\/pietrellifruit.com\/en\/wp-json\/wp\/v2\/types\/page"}],"author":[{"embeddable":true,"href":"https:\/\/pietrellifruit.com\/en\/wp-json\/wp\/v2\/users\/1"}],"replies":[{"embeddable":true,"href":"https:\/\/pietrellifruit.com\/en\/wp-json\/wp\/v2\/comments?post=2367"}],"version-history":[{"count":52,"href":"https:\/\/pietrellifruit.com\/en\/wp-json\/wp\/v2\/pages\/2367\/revisions"}],"predecessor-version":[{"id":3736,"href":"https:\/\/pietrellifruit.com\/en\/wp-json\/wp\/v2\/pages\/2367\/revisions\/3736"}],"wp:attachment":[{"href":"https:\/\/pietrellifruit.com\/en\/wp-json\/wp\/v2\/media?parent=2367"}],"curies":[{"name":"wp","href":"https:\/\/api.w.org\/{rel}","templated":true}]}}